{"id":1812,"date":"2024-07-24T11:18:34","date_gmt":"2024-07-24T09:18:34","guid":{"rendered":"https:\/\/abobola.diecezja-pelplin.pl\/?page_id=1812"},"modified":"2024-07-24T11:18:34","modified_gmt":"2024-07-24T09:18:34","slug":"standardy-ochrony-maloletnich-w-parafii","status":"publish","type":"page","link":"https:\/\/abobola.diecezja-pelplin.pl\/index.php\/standardy-ochrony-maloletnich-w-parafii\/","title":{"rendered":"STANDARDY OCHRONY MA\u0141OLETNICH W PARAFII &#8211; SKR\u00d3T"},"content":{"rendered":"\n<p class=\"has-text-align-center\"><strong>BEZPIECZNE ZASADY KONTAKTU<\/strong><\/p>\n\n\n\n<ul class=\"wp-block-list\">\n<li>Wybieraj oficjalne, og\u00f3lnodost\u0119pne i przygotowane miejsca do spotka\u0144. Sakrament pokuty i pojednania oraz spotkania modlitewne lub duchowe powinny odbywa\u0107 si\u0119 tylko w specjalnie do tego wyznaczonych miejscach, takich jak konfesjona\u0142, kaplica lub biuro parafialne.<br><\/li>\n\n\n\n<li>Unikaj przebywania z doros\u0142ym w odizolowanych warunkach.<br><\/li>\n\n\n\n<li>Nie przebywaj w parafialnych pomieszczeniach mieszkalnych bez opieki rodzica lub opiekuna prawnego.<br><\/li>\n\n\n\n<li>Pozostawaj zawsze pod opiek\u0105 osoby doros\u0142ej.<br><\/li>\n\n\n\n<li>Nie b\u0105d\u017a pod wy\u0142\u0105czn\u0105 opiek\u0105 innego dziecka.<br><\/li>\n\n\n\n<li>Nie podr\u00f3\u017cuj prywatnymi samochodami bez zgody rodzic\u00f3w lub opiekun\u00f3w.<br><\/li>\n\n\n\n<li>Nie przechod\u017a na &#8222;ty&#8221; z doros\u0142ym.<br><\/li>\n\n\n\n<li>Pami\u0119taj, \u017ce stosowanie przemocy fizycznej i psychicznej wobec Ciebie jest zakazane.<\/li>\n<\/ul>\n\n\n\n<p class=\"has-text-align-center\"><strong>BEZPIECZNE WYJAZDY<\/strong><\/p>\n\n\n\n<ul class=\"wp-block-list\">\n<li>Organizacja spotka\u0144:\n<ul class=\"wp-block-list\">\n<li>Twoi rodzice zawsze musz\u0105 wiedzie\u0107, kiedy b\u0119d\u0105 spotkania.<\/li>\n\n\n\n<li>Rodzice musz\u0105 zawsze wyrazi\u0107 pisemn\u0105 zgod\u0119 na Tw\u00f3j udzia\u0142.<\/li>\n\n\n\n<li>Twoi rodzice musz\u0105 pozna\u0107 okre\u015blone zasady odbioru i komunikacji elektronicznej.<\/li>\n\n\n\n<li>Podczas wyjazdu rodzice lub opiekunowie maj\u0105 prawo do kontaktu z Tob\u0105 lub opiekunem.<\/li>\n<\/ul>\n<\/li>\n<\/ul>\n\n\n\n<p class=\"has-text-align-center\"><strong>BEZPIECZNY KONTAKT W \u015aRODOWISKU CYFROWYM<\/strong><\/p>\n\n\n\n<ul class=\"wp-block-list\">\n<li>Korzystanie z komunikator\u00f3w i e-maili:\n<ul class=\"wp-block-list\">\n<li>Pami\u0119taj, \u017ce nie jeste\u015b anonimowy. Uwa\u017caj, co piszesz w Internecie.<\/li>\n\n\n\n<li>Doro\u015bli nie powinni wysy\u0142a\u0107 Ci wiadomo\u015bci po godzinie 22:00. Wyj\u0105tkiem jest sytuacja, gdy wiadomo\u015b\u0107 jest wysy\u0142ana do ca\u0142ej grupy i rodzice lub opiekunowie wyrazili na to zgod\u0119.<\/li>\n<\/ul>\n<\/li>\n\n\n\n<li>Bezpieczny dost\u0119p do Internetu:\n<ul class=\"wp-block-list\">\n<li>Parafie, kt\u00f3reudost\u0119pniaja Internet, musz\u0105 stosowa\u0107 \u015brodki bezpiecze\u0144stwa, kt\u00f3re blokuj\u0105 dost\u0119p do nieodpowiednich tre\u015bci.<\/li>\n\n\n\n<li>Dzi\u0119ki tym zabezpieczeniom, korzystanie z Internetu b\u0119dzie dla Ciebie bezpieczne i odpowiednie do Twojego wieku.<\/li>\n<\/ul>\n<\/li>\n<\/ul>\n\n\n\n<p><strong>Pami\u0119tajcie!<\/strong><\/p>\n\n\n\n<ul class=\"wp-block-list\">\n<li><strong>Bezpiecze\u0144stwo:<\/strong> Wasze bezpiecze\u0144stwo jest najwa\u017cniejsze. Zawsze informujcie rodzic\u00f3w lub opiekun\u00f3w, gdzie si\u0119 znajdujecie i co robicie.<\/li>\n\n\n\n<li><strong>Szacunek:<\/strong> W ka\u017cdej sytuacji pami\u0119tajcie o szacunku dla siebie nawzajem i dla os\u00f3b starszych.<\/li>\n\n\n\n<li><strong>Zaufanie:<\/strong> Je\u015bli co\u015b Was niepokoi, zawsze mo\u017cecie porozmawia\u0107 z rodzicami, opiekunami lub duchownym, kt\u00f3remu ufacie.<\/li>\n<\/ul>\n\n\n\n<p class=\"has-text-align-center\"><strong>PONI\u017bEJ ZNAJDZIESZ WYKAZ NUMER\u00d3W TELEFON\u00d3W, POD KT\u00d3RYMI R\u00d3WNIE\u017b ZNAJDZIESZ WSPARCIE:<\/strong><\/p>\n\n\n\n<p class=\"has-text-align-left\">\u2756 <strong>800 70 2222 \/ wsparcie w kryzysie psychicznym<\/strong> bezp\u0142atnie, ca\u0142odobowo, 7 dni w tygodniu<br>\u2756 <strong>116 123 \/ wsparcie w kryzysie emocjonalnym<\/strong> bezp\u0142atnie, ca\u0142odobowo, 7 dni w tygodniu<br>\u2756 <strong>22 594 91 00 \/ wsparcie w depresji<\/strong> bezp\u0142atnie, \u015brody i czwartki w godz. 17.00-19.00<br>\u2756 <strong>800 108 108 \/ wsparcie dla os\u00f3b w \u017ca\u0142obie i po stracie<\/strong> bezp\u0142atnie, w dni powszednie w godz. 14.00-20.00<br>\u2756 <strong>112 \/ numer alarmowy<\/strong> bezp\u0142atnie, ca\u0142odobowo, 7 dni w tygodniu<\/p>\n\n\n\n<p class=\"has-text-align-center\"><strong>OSOBA ZAUFANIA W PARAFII<\/strong><\/p>\n\n\n\n<p class=\"has-text-align-center\"><strong>PANI MGR ALEKSANDRA PILCEK<\/strong><br>tel. 509 328 185<\/p>\n\n\n<div class=\"wp-block-image\">\n<figure class=\"aligncenter size-large is-resized\"><img loading=\"lazy\" decoding=\"async\" width=\"1024\" height=\"724\" src=\"https:\/\/abobola.diecezja-pelplin.pl\/wp-content\/uploads\/2024\/07\/FS-3040-20240724092456010092-1024x724.jpg\" alt=\"\" class=\"wp-image-1815\" style=\"width:964px;height:auto\" srcset=\"https:\/\/abobola.diecezja-pelplin.pl\/wp-content\/uploads\/2024\/07\/FS-3040-20240724092456010092-1024x724.jpg 1024w, https:\/\/abobola.diecezja-pelplin.pl\/wp-content\/uploads\/2024\/07\/FS-3040-20240724092456010092-300x212.jpg 300w, https:\/\/abobola.diecezja-pelplin.pl\/wp-content\/uploads\/2024\/07\/FS-3040-20240724092456010092-768x543.jpg 768w, https:\/\/abobola.diecezja-pelplin.pl\/wp-content\/uploads\/2024\/07\/FS-3040-20240724092456010092-1536x1086.jpg 1536w, https:\/\/abobola.diecezja-pelplin.pl\/wp-content\/uploads\/2024\/07\/FS-3040-20240724092456010092-2048x1448.jpg 2048w\" sizes=\"auto, (max-width: 1024px) 100vw, 1024px\" \/><\/figure><\/div><div class=\"pvc_clear\"><\/div><p id=\"pvc_stats_1812\" class=\"pvc_stats all  \" data-element-id=\"1812\" style=\"\"><i class=\"pvc-stats-icon small\" aria-hidden=\"true\"><svg xmlns=\"http:\/\/www.w3.org\/2000\/svg\" version=\"1.0\" viewBox=\"0 0 502 315\" preserveAspectRatio=\"xMidYMid meet\"><g transform=\"translate(0,332) scale(0.1,-0.1)\" fill=\"\" stroke=\"none\"><path d=\"M2394 3279 l-29 -30 -3 -207 c-2 -182 0 -211 15 -242 39 -76 157 -76 196 0 15 31 17 60 15 243 l-3 209 -33 29 c-26 23 -41 29 -80 29 -41 0 -53 -5 -78 -31z\"\/><path d=\"M3085 3251 c-45 -19 -58 -50 -96 -229 -47 -217 -49 -260 -13 -295 52 -53 146 -42 177 20 16 31 87 366 87 410 0 70 -86 122 -155 94z\"\/><path d=\"M1751 3234 c-13 -9 -29 -31 -37 -50 -12 -29 -10 -49 21 -204 19 -94 39 -189 45 -210 14 -50 54 -80 110 -80 34 0 48 6 76 34 21 21 34 44 34 59 0 14 -18 113 -40 219 -37 178 -43 195 -70 221 -36 32 -101 37 -139 11z\"\/><path d=\"M1163 3073 c-36 -7 -73 -59 -73 -102 0 -56 133 -378 171 -413 34 -32 83 -37 129 -13 70 36 67 87 -16 290 -86 209 -89 214 -129 231 -35 14 -42 15 -82 7z\"\/><path d=\"M3689 3066 c-15 -9 -33 -30 -42 -48 -48 -103 -147 -355 -147 -375 0 -98 131 -148 192 -74 13 15 57 108 97 206 80 196 84 226 37 273 -30 30 -99 39 -137 18z\"\/><path d=\"M583 2784 c-38 -19 -67 -74 -58 -113 9 -42 211 -354 242 -373 16 -10 45 -18 66 -18 51 0 107 52 107 100 0 39 -1 41 -124 234 -80 126 -108 162 -133 173 -41 17 -61 16 -100 -3z\"\/><path d=\"M4250 2784 c-14 -9 -74 -91 -133 -183 -95 -150 -107 -173 -107 -213 0 -55 33 -94 87 -104 67 -13 90 8 211 198 130 202 137 225 78 284 -27 27 -42 34 -72 34 -22 0 -50 -8 -64 -16z\"\/><path d=\"M2275 2693 c-553 -48 -1095 -270 -1585 -649 -135 -104 -459 -423 -483 -476 -23 -49 -22 -139 2 -186 73 -142 361 -457 571 -626 285 -228 642 -407 990 -497 242 -63 336 -73 660 -74 310 0 370 5 595 52 535 111 1045 392 1455 803 122 121 250 273 275 326 19 41 19 137 0 174 -41 79 -309 363 -465 492 -447 370 -946 591 -1479 653 -113 14 -422 18 -536 8z m395 -428 c171 -34 330 -124 456 -258 112 -119 167 -219 211 -378 27 -96 24 -300 -5 -401 -72 -255 -236 -447 -474 -557 -132 -62 -201 -76 -368 -76 -167 0 -236 14 -368 76 -213 98 -373 271 -451 485 -162 444 86 934 547 1084 153 49 292 57 452 25z m909 -232 c222 -123 408 -262 593 -441 76 -74 138 -139 138 -144 0 -16 -233 -242 -330 -319 -155 -123 -309 -223 -461 -299 l-81 -41 32 46 c18 26 49 83 70 128 143 306 141 649 -6 957 -25 52 -61 116 -79 142 l-34 47 45 -20 c26 -10 76 -36 113 -56z m-2057 25 c-40 -58 -105 -190 -130 -263 -110 -324 -59 -707 132 -981 25 -35 42 -64 37 -64 -19 0 -241 119 -326 174 -188 122 -406 314 -532 468 l-58 71 108 103 c185 178 428 349 672 473 66 33 121 60 123 61 2 0 -10 -19 -26 -42z\"\/><path d=\"M2375 1950 c-198 -44 -350 -190 -395 -379 -18 -76 -8 -221 19 -290 114 -284 457 -406 731 -260 98 52 188 154 231 260 27 69 37 214 19 290 -38 163 -166 304 -326 360 -67 23 -215 33 -279 19z\"\/><\/g><\/svg><\/i> <img loading=\"lazy\" decoding=\"async\" width=\"16\" height=\"16\" alt=\"Loading\" src=\"https:\/\/abobola.diecezja-pelplin.pl\/wp-content\/plugins\/page-views-count\/ajax-loader-2x.gif\" border=0 \/><\/p><div class=\"pvc_clear\"><\/div>","protected":false},"excerpt":{"rendered":"<p>BEZPIECZNE ZASADY KONTAKTU BEZPIECZNE WYJAZDY BEZPIECZNY KONTAKT W \u015aRODOWISKU CYFROWYM Pami\u0119tajcie! PONI\u017bEJ ZNAJDZIESZ WYKAZ NUMER\u00d3W TELEFON\u00d3W, POD KT\u00d3RYMI R\u00d3WNIE\u017b ZNAJDZIESZ WSPARCIE: \u2756 800 70 2222 \/ wsparcie w kryzysie psychicznym bezp\u0142atnie, ca\u0142odobowo, 7 dni w tygodniu\u2756 116 123 \/ wsparcie w kryzysie emocjonalnym bezp\u0142atnie, ca\u0142odobowo, 7 dni w tygodniu\u2756 22 594 91 00 \/ wsparcie &#8230; <span class=\"more\"><a class=\"more-link\" href=\"https:\/\/abobola.diecezja-pelplin.pl\/index.php\/standardy-ochrony-maloletnich-w-parafii\/\">Czytaj wi\u0119cej&#8230;<\/a><\/span><\/p>\n<div class=\"pvc_clear\"><\/div>\n<p id=\"pvc_stats_1812\" class=\"pvc_stats all  \" data-element-id=\"1812\" style=\"\"><i class=\"pvc-stats-icon small\" aria-hidden=\"true\"><svg xmlns=\"http:\/\/www.w3.org\/2000\/svg\" version=\"1.0\" viewBox=\"0 0 502 315\" preserveAspectRatio=\"xMidYMid meet\"><g transform=\"translate(0,332) scale(0.1,-0.1)\" fill=\"\" stroke=\"none\"><path d=\"M2394 3279 l-29 -30 -3 -207 c-2 -182 0 -211 15 -242 39 -76 157 -76 196 0 15 31 17 60 15 243 l-3 209 -33 29 c-26 23 -41 29 -80 29 -41 0 -53 -5 -78 -31z\"\/><path d=\"M3085 3251 c-45 -19 -58 -50 -96 -229 -47 -217 -49 -260 -13 -295 52 -53 146 -42 177 20 16 31 87 366 87 410 0 70 -86 122 -155 94z\"\/><path d=\"M1751 3234 c-13 -9 -29 -31 -37 -50 -12 -29 -10 -49 21 -204 19 -94 39 -189 45 -210 14 -50 54 -80 110 -80 34 0 48 6 76 34 21 21 34 44 34 59 0 14 -18 113 -40 219 -37 178 -43 195 -70 221 -36 32 -101 37 -139 11z\"\/><path d=\"M1163 3073 c-36 -7 -73 -59 -73 -102 0 -56 133 -378 171 -413 34 -32 83 -37 129 -13 70 36 67 87 -16 290 -86 209 -89 214 -129 231 -35 14 -42 15 -82 7z\"\/><path d=\"M3689 3066 c-15 -9 -33 -30 -42 -48 -48 -103 -147 -355 -147 -375 0 -98 131 -148 192 -74 13 15 57 108 97 206 80 196 84 226 37 273 -30 30 -99 39 -137 18z\"\/><path d=\"M583 2784 c-38 -19 -67 -74 -58 -113 9 -42 211 -354 242 -373 16 -10 45 -18 66 -18 51 0 107 52 107 100 0 39 -1 41 -124 234 -80 126 -108 162 -133 173 -41 17 -61 16 -100 -3z\"\/><path d=\"M4250 2784 c-14 -9 -74 -91 -133 -183 -95 -150 -107 -173 -107 -213 0 -55 33 -94 87 -104 67 -13 90 8 211 198 130 202 137 225 78 284 -27 27 -42 34 -72 34 -22 0 -50 -8 -64 -16z\"\/><path d=\"M2275 2693 c-553 -48 -1095 -270 -1585 -649 -135 -104 -459 -423 -483 -476 -23 -49 -22 -139 2 -186 73 -142 361 -457 571 -626 285 -228 642 -407 990 -497 242 -63 336 -73 660 -74 310 0 370 5 595 52 535 111 1045 392 1455 803 122 121 250 273 275 326 19 41 19 137 0 174 -41 79 -309 363 -465 492 -447 370 -946 591 -1479 653 -113 14 -422 18 -536 8z m395 -428 c171 -34 330 -124 456 -258 112 -119 167 -219 211 -378 27 -96 24 -300 -5 -401 -72 -255 -236 -447 -474 -557 -132 -62 -201 -76 -368 -76 -167 0 -236 14 -368 76 -213 98 -373 271 -451 485 -162 444 86 934 547 1084 153 49 292 57 452 25z m909 -232 c222 -123 408 -262 593 -441 76 -74 138 -139 138 -144 0 -16 -233 -242 -330 -319 -155 -123 -309 -223 -461 -299 l-81 -41 32 46 c18 26 49 83 70 128 143 306 141 649 -6 957 -25 52 -61 116 -79 142 l-34 47 45 -20 c26 -10 76 -36 113 -56z m-2057 25 c-40 -58 -105 -190 -130 -263 -110 -324 -59 -707 132 -981 25 -35 42 -64 37 -64 -19 0 -241 119 -326 174 -188 122 -406 314 -532 468 l-58 71 108 103 c185 178 428 349 672 473 66 33 121 60 123 61 2 0 -10 -19 -26 -42z\"\/><path d=\"M2375 1950 c-198 -44 -350 -190 -395 -379 -18 -76 -8 -221 19 -290 114 -284 457 -406 731 -260 98 52 188 154 231 260 27 69 37 214 19 290 -38 163 -166 304 -326 360 -67 23 -215 33 -279 19z\"\/><\/g><\/svg><\/i> <img loading=\"lazy\" decoding=\"async\" width=\"16\" height=\"16\" alt=\"Loading\" src=\"https:\/\/abobola.diecezja-pelplin.pl\/wp-content\/plugins\/page-views-count\/ajax-loader-2x.gif\" border=0 \/><\/p>\n<div class=\"pvc_clear\"><\/div>\n","protected":false},"author":1,"featured_media":0,"parent":0,"menu_order":0,"comment_status":"closed","ping_status":"closed","template":"","meta":{"footnotes":""},"class_list":["entry","page","publish","author-admin321","post-1812"],"a3_pvc":{"activated":true,"total_views":441,"today_views":1},"_links":{"self":[{"href":"https:\/\/abobola.diecezja-pelplin.pl\/index.php\/wp-json\/wp\/v2\/pages\/1812","targetHints":{"allow":["GET"]}}],"collection":[{"href":"https:\/\/abobola.diecezja-pelplin.pl\/index.php\/wp-json\/wp\/v2\/pages"}],"about":[{"href":"https:\/\/abobola.diecezja-pelplin.pl\/index.php\/wp-json\/wp\/v2\/types\/page"}],"author":[{"embeddable":true,"href":"https:\/\/abobola.diecezja-pelplin.pl\/index.php\/wp-json\/wp\/v2\/users\/1"}],"replies":[{"embeddable":true,"href":"https:\/\/abobola.diecezja-pelplin.pl\/index.php\/wp-json\/wp\/v2\/comments?post=1812"}],"version-history":[{"count":1,"href":"https:\/\/abobola.diecezja-pelplin.pl\/index.php\/wp-json\/wp\/v2\/pages\/1812\/revisions"}],"predecessor-version":[{"id":1816,"href":"https:\/\/abobola.diecezja-pelplin.pl\/index.php\/wp-json\/wp\/v2\/pages\/1812\/revisions\/1816"}],"wp:attachment":[{"href":"https:\/\/abobola.diecezja-pelplin.pl\/index.php\/wp-json\/wp\/v2\/media?parent=1812"}],"curies":[{"name":"wp","href":"https:\/\/api.w.org\/{rel}","templated":true}]}}